{"id":11901,"date":"2025-12-08T15:40:31","date_gmt":"2025-12-08T14:40:31","guid":{"rendered":"https:\/\/beershop.zlatilev.si\/trgovina\/nekategorizirano\/brewdog-hazy-jane-guava\/"},"modified":"2025-12-17T10:17:55","modified_gmt":"2025-12-17T09:17:55","slug":"brewdog-hazy-jane-guava","status":"publish","type":"product","link":"https:\/\/beershop.zlatilev.si\/de\/trgovina\/stil\/neipa-hazy-ipa\/brewdog-hazy-jane-guava\/","title":{"rendered":"BrewDog Hazy Jane Guava"},"content":{"rendered":"<p>Hazy Jane Guava kombinira megleno, so\u010dno NEIPA osnovo z dodatkom tropskega sade\u017ea guave, kar poudari note eksoti\u010dnega sadja in ustvari sladko-sve\u017e vtis.<\/p>\n","protected":false},"excerpt":{"rendered":"<p>NEIPA z dodatkom guave, so\u010den in tropsko aromati\u010den profil.<\/p>\n","protected":false},"featured_media":11931,"comment_status":"closed","ping_status":"closed","template":"","meta":{"_acf_changed":false},"product_brand":[],"product_cat":[1935,1940],"product_tag":[],"class_list":{"0":"post-11901","1":"product","2":"type-product","3":"status-publish","4":"has-post-thumbnail","6":"product_cat-stil","7":"product_cat-neipa-hazy-ipa","8":"pa_alkoholna-stopnja-2041","9":"pa_barva-piva-motno-zlato","10":"pa_brezalkoholno-ne","11":"pa_brezglutensko-ne","12":"pa_drzava-skotska","13":"pa_embalaza-plocevinka","14":"pa_fermentacija-ale-zgornje-vrenje","15":"pa_ibu-stopnja-grenkobe-nizka-grenkoba-0-20-ibu","16":"pa_pivovarna-znamka-brewdog","17":"pa_volumen-033-l","19":"first","20":"instock","21":"taxable","22":"shipping-taxable","23":"purchasable","24":"product-type-simple"},"acf":[],"yoast_head":"<!-- This site is optimized with the Yoast SEO plugin v26.4 - https:\/\/yoast.com\/wordpress\/plugins\/seo\/ -->\n<title>BrewDog Hazy Jane Guava - Pivnica Zlati lev<\/title>\n<meta name=\"robots\" content=\"index, follow, max-snippet:-1, max-image-preview:large, max-video-preview:-1\" \/>\n<link rel=\"canonical\" href=\"https:\/\/beershop.zlatilev.si\/trgovina\/stil\/neipa-hazy-ipa\/brewdog-hazy-jane-guava\/\" \/>\n<meta property=\"og:locale\" content=\"de_DE\" \/>\n<meta property=\"og:type\" content=\"article\" \/>\n<meta property=\"og:title\" content=\"BrewDog Hazy Jane Guava - Pivnica Zlati lev\" \/>\n<meta property=\"og:description\" content=\"NEIPA z dodatkom guave, so\u010den in tropsko aromati\u010den profil.\" \/>\n<meta property=\"og:url\" content=\"https:\/\/beershop.zlatilev.si\/trgovina\/stil\/neipa-hazy-ipa\/brewdog-hazy-jane-guava\/\" \/>\n<meta property=\"og:site_name\" content=\"Pivnica Zlati lev\" \/>\n<meta property=\"article:publisher\" content=\"https:\/\/www.facebook.com\/pivnicazlatilev\" \/>\n<meta property=\"article:modified_time\" content=\"2025-12-17T09:17:55+00:00\" \/>\n<meta property=\"og:image\" content=\"https:\/\/beershop.zlatilev.si\/wp-content\/uploads\/2025\/12\/6.png\" \/>\n\t<meta property=\"og:image:width\" content=\"741\" \/>\n\t<meta property=\"og:image:height\" content=\"1000\" \/>\n\t<meta property=\"og:image:type\" content=\"image\/png\" \/>\n<meta name=\"twitter:card\" content=\"summary_large_image\" \/>\n<meta name=\"twitter:label1\" content=\"Gesch\u00e4tzte Lesezeit\" \/>\n\t<meta name=\"twitter:data1\" content=\"1\u00a0Minute\" \/>\n<script type=\"application\/ld+json\" class=\"yoast-schema-graph\">{\"@context\":\"https:\/\/schema.org\",\"@graph\":[{\"@type\":\"WebPage\",\"@id\":\"https:\/\/beershop.zlatilev.si\/trgovina\/stil\/neipa-hazy-ipa\/brewdog-hazy-jane-guava\/\",\"url\":\"https:\/\/beershop.zlatilev.si\/trgovina\/stil\/neipa-hazy-ipa\/brewdog-hazy-jane-guava\/\",\"name\":\"BrewDog Hazy Jane Guava - Pivnica Zlati lev\",\"isPartOf\":{\"@id\":\"https:\/\/beershop.zlatilev.si\/#website\"},\"primaryImageOfPage\":{\"@id\":\"https:\/\/beershop.zlatilev.si\/trgovina\/stil\/neipa-hazy-ipa\/brewdog-hazy-jane-guava\/#primaryimage\"},\"image\":{\"@id\":\"https:\/\/beershop.zlatilev.si\/trgovina\/stil\/neipa-hazy-ipa\/brewdog-hazy-jane-guava\/#primaryimage\"},\"thumbnailUrl\":\"https:\/\/beershop.zlatilev.si\/wp-content\/uploads\/2025\/12\/6.png\",\"datePublished\":\"2025-12-08T14:40:31+00:00\",\"dateModified\":\"2025-12-17T09:17:55+00:00\",\"breadcrumb\":{\"@id\":\"https:\/\/beershop.zlatilev.si\/trgovina\/stil\/neipa-hazy-ipa\/brewdog-hazy-jane-guava\/#breadcrumb\"},\"inLanguage\":\"de\",\"potentialAction\":[{\"@type\":\"ReadAction\",\"target\":[\"https:\/\/beershop.zlatilev.si\/trgovina\/stil\/neipa-hazy-ipa\/brewdog-hazy-jane-guava\/\"]}]},{\"@type\":\"ImageObject\",\"inLanguage\":\"de\",\"@id\":\"https:\/\/beershop.zlatilev.si\/trgovina\/stil\/neipa-hazy-ipa\/brewdog-hazy-jane-guava\/#primaryimage\",\"url\":\"https:\/\/beershop.zlatilev.si\/wp-content\/uploads\/2025\/12\/6.png\",\"contentUrl\":\"https:\/\/beershop.zlatilev.si\/wp-content\/uploads\/2025\/12\/6.png\",\"width\":741,\"height\":1000},{\"@type\":\"BreadcrumbList\",\"@id\":\"https:\/\/beershop.zlatilev.si\/trgovina\/stil\/neipa-hazy-ipa\/brewdog-hazy-jane-guava\/#breadcrumb\",\"itemListElement\":[{\"@type\":\"ListItem\",\"position\":1,\"name\":\"Domov\",\"item\":\"https:\/\/beershop.zlatilev.si\/de\/\"},{\"@type\":\"ListItem\",\"position\":2,\"name\":\"Shop\",\"item\":\"https:\/\/beershop.zlatilev.si\/de\/shop\/\"},{\"@type\":\"ListItem\",\"position\":3,\"name\":\"BrewDog Hazy Jane Guava\"}]},{\"@type\":\"WebSite\",\"@id\":\"https:\/\/beershop.zlatilev.si\/#website\",\"url\":\"https:\/\/beershop.zlatilev.si\/\",\"name\":\"Pivnica Zlati lev\",\"description\":\"\",\"publisher\":{\"@id\":\"https:\/\/beershop.zlatilev.si\/#organization\"},\"potentialAction\":[{\"@type\":\"SearchAction\",\"target\":{\"@type\":\"EntryPoint\",\"urlTemplate\":\"https:\/\/beershop.zlatilev.si\/?s={search_term_string}\"},\"query-input\":{\"@type\":\"PropertyValueSpecification\",\"valueRequired\":true,\"valueName\":\"search_term_string\"}}],\"inLanguage\":\"de\"},{\"@type\":\"Organization\",\"@id\":\"https:\/\/beershop.zlatilev.si\/#organization\",\"name\":\"Pivnica Zlati lev\",\"url\":\"https:\/\/beershop.zlatilev.si\/\",\"logo\":{\"@type\":\"ImageObject\",\"inLanguage\":\"de\",\"@id\":\"https:\/\/beershop.zlatilev.si\/#\/schema\/logo\/image\/\",\"url\":\"https:\/\/beershop.zlatilev.si\/wp-content\/uploads\/2025\/10\/logo-mail.jpg\",\"contentUrl\":\"https:\/\/beershop.zlatilev.si\/wp-content\/uploads\/2025\/10\/logo-mail.jpg\",\"width\":300,\"height\":180,\"caption\":\"Pivnica Zlati lev\"},\"image\":{\"@id\":\"https:\/\/beershop.zlatilev.si\/#\/schema\/logo\/image\/\"},\"sameAs\":[\"https:\/\/www.facebook.com\/pivnicazlatilev\",\"https:\/\/www.instagram.com\/pivnicazlatilev\/\",\"https:\/\/www.tiktok.com\/@zlatilev\"]}]}<\/script>\n<!-- \/ Yoast SEO plugin. -->","yoast_head_json":{"title":"BrewDog Hazy Jane Guava - Pivnica Zlati lev","robots":{"index":"index","follow":"follow","max-snippet":"max-snippet:-1","max-image-preview":"max-image-preview:large","max-video-preview":"max-video-preview:-1"},"canonical":"https:\/\/beershop.zlatilev.si\/trgovina\/stil\/neipa-hazy-ipa\/brewdog-hazy-jane-guava\/","og_locale":"de_DE","og_type":"article","og_title":"BrewDog Hazy Jane Guava - Pivnica Zlati lev","og_description":"NEIPA z dodatkom guave, so\u010den in tropsko aromati\u010den profil.","og_url":"https:\/\/beershop.zlatilev.si\/trgovina\/stil\/neipa-hazy-ipa\/brewdog-hazy-jane-guava\/","og_site_name":"Pivnica Zlati lev","article_publisher":"https:\/\/www.facebook.com\/pivnicazlatilev","article_modified_time":"2025-12-17T09:17:55+00:00","og_image":[{"width":741,"height":1000,"url":"https:\/\/beershop.zlatilev.si\/wp-content\/uploads\/2025\/12\/6.png","type":"image\/png"}],"twitter_card":"summary_large_image","twitter_misc":{"Gesch\u00e4tzte Lesezeit":"1\u00a0Minute"},"schema":{"@context":"https:\/\/schema.org","@graph":[{"@type":"WebPage","@id":"https:\/\/beershop.zlatilev.si\/trgovina\/stil\/neipa-hazy-ipa\/brewdog-hazy-jane-guava\/","url":"https:\/\/beershop.zlatilev.si\/trgovina\/stil\/neipa-hazy-ipa\/brewdog-hazy-jane-guava\/","name":"BrewDog Hazy Jane Guava - Pivnica Zlati lev","isPartOf":{"@id":"https:\/\/beershop.zlatilev.si\/#website"},"primaryImageOfPage":{"@id":"https:\/\/beershop.zlatilev.si\/trgovina\/stil\/neipa-hazy-ipa\/brewdog-hazy-jane-guava\/#primaryimage"},"image":{"@id":"https:\/\/beershop.zlatilev.si\/trgovina\/stil\/neipa-hazy-ipa\/brewdog-hazy-jane-guava\/#primaryimage"},"thumbnailUrl":"https:\/\/beershop.zlatilev.si\/wp-content\/uploads\/2025\/12\/6.png","datePublished":"2025-12-08T14:40:31+00:00","dateModified":"2025-12-17T09:17:55+00:00","breadcrumb":{"@id":"https:\/\/beershop.zlatilev.si\/trgovina\/stil\/neipa-hazy-ipa\/brewdog-hazy-jane-guava\/#breadcrumb"},"inLanguage":"de","potentialAction":[{"@type":"ReadAction","target":["https:\/\/beershop.zlatilev.si\/trgovina\/stil\/neipa-hazy-ipa\/brewdog-hazy-jane-guava\/"]}]},{"@type":"ImageObject","inLanguage":"de","@id":"https:\/\/beershop.zlatilev.si\/trgovina\/stil\/neipa-hazy-ipa\/brewdog-hazy-jane-guava\/#primaryimage","url":"https:\/\/beershop.zlatilev.si\/wp-content\/uploads\/2025\/12\/6.png","contentUrl":"https:\/\/beershop.zlatilev.si\/wp-content\/uploads\/2025\/12\/6.png","width":741,"height":1000},{"@type":"BreadcrumbList","@id":"https:\/\/beershop.zlatilev.si\/trgovina\/stil\/neipa-hazy-ipa\/brewdog-hazy-jane-guava\/#breadcrumb","itemListElement":[{"@type":"ListItem","position":1,"name":"Domov","item":"https:\/\/beershop.zlatilev.si\/de\/"},{"@type":"ListItem","position":2,"name":"Shop","item":"https:\/\/beershop.zlatilev.si\/de\/shop\/"},{"@type":"ListItem","position":3,"name":"BrewDog Hazy Jane Guava"}]},{"@type":"WebSite","@id":"https:\/\/beershop.zlatilev.si\/#website","url":"https:\/\/beershop.zlatilev.si\/","name":"Pivnica Zlati lev","description":"","publisher":{"@id":"https:\/\/beershop.zlatilev.si\/#organization"},"potentialAction":[{"@type":"SearchAction","target":{"@type":"EntryPoint","urlTemplate":"https:\/\/beershop.zlatilev.si\/?s={search_term_string}"},"query-input":{"@type":"PropertyValueSpecification","valueRequired":true,"valueName":"search_term_string"}}],"inLanguage":"de"},{"@type":"Organization","@id":"https:\/\/beershop.zlatilev.si\/#organization","name":"Pivnica Zlati lev","url":"https:\/\/beershop.zlatilev.si\/","logo":{"@type":"ImageObject","inLanguage":"de","@id":"https:\/\/beershop.zlatilev.si\/#\/schema\/logo\/image\/","url":"https:\/\/beershop.zlatilev.si\/wp-content\/uploads\/2025\/10\/logo-mail.jpg","contentUrl":"https:\/\/beershop.zlatilev.si\/wp-content\/uploads\/2025\/10\/logo-mail.jpg","width":300,"height":180,"caption":"Pivnica Zlati lev"},"image":{"@id":"https:\/\/beershop.zlatilev.si\/#\/schema\/logo\/image\/"},"sameAs":["https:\/\/www.facebook.com\/pivnicazlatilev","https:\/\/www.instagram.com\/pivnicazlatilev\/","https:\/\/www.tiktok.com\/@zlatilev"]}]}},"_links":{"self":[{"href":"https:\/\/beershop.zlatilev.si\/de\/wp-json\/wp\/v2\/product\/11901","targetHints":{"allow":["GET"]}}],"collection":[{"href":"https:\/\/beershop.zlatilev.si\/de\/wp-json\/wp\/v2\/product"}],"about":[{"href":"https:\/\/beershop.zlatilev.si\/de\/wp-json\/wp\/v2\/types\/product"}],"replies":[{"embeddable":true,"href":"https:\/\/beershop.zlatilev.si\/de\/wp-json\/wp\/v2\/comments?post=11901"}],"wp:featuredmedia":[{"embeddable":true,"href":"https:\/\/beershop.zlatilev.si\/de\/wp-json\/wp\/v2\/media\/11931"}],"wp:attachment":[{"href":"https:\/\/beershop.zlatilev.si\/de\/wp-json\/wp\/v2\/media?parent=11901"}],"wp:term":[{"taxonomy":"product_brand","embeddable":true,"href":"https:\/\/beershop.zlatilev.si\/de\/wp-json\/wp\/v2\/product_brand?post=11901"},{"taxonomy":"product_cat","embeddable":true,"href":"https:\/\/beershop.zlatilev.si\/de\/wp-json\/wp\/v2\/product_cat?post=11901"},{"taxonomy":"product_tag","embeddable":true,"href":"https:\/\/beershop.zlatilev.si\/de\/wp-json\/wp\/v2\/product_tag?post=11901"}],"curies":[{"name":"wp","href":"https:\/\/api.w.org\/{rel}","templated":true}]}}