{"id":11867,"date":"2025-12-08T15:40:13","date_gmt":"2025-12-08T14:40:13","guid":{"rendered":"https:\/\/beershop.zlatilev.si\/trgovina\/nekategorizirano\/la-chouffe\/"},"modified":"2025-12-17T09:39:33","modified_gmt":"2025-12-17T08:39:33","slug":"la-chouffe","status":"publish","type":"product","link":"https:\/\/beershop.zlatilev.si\/en\/trgovina\/stil\/belgian-strong-ale\/la-chouffe\/","title":{"rendered":"La Chouffe"},"content":{"rendered":"<p>La Chouffe je belgijski blond ale z 8 % alkohola, znan po ne\u017enih sadnih notah, rahlih za\u010dimbnih tonih in suhem zaklju\u010dku. Visoka karbonizacija poudari sve\u017eino in pitnost.<\/p>\n","protected":false},"excerpt":{"rendered":"<p>Belgijski blond ale z ne\u017enimi sadnimi in za\u010dimbnimi notami.<\/p>\n","protected":false},"featured_media":0,"comment_status":"closed","ping_status":"closed","template":"","meta":{"_acf_changed":false},"product_brand":[],"product_cat":[2081,1935],"product_tag":[],"class_list":{"0":"post-11867","1":"product","2":"type-product","3":"status-publish","5":"product_cat-belgian-strong-ale","6":"product_cat-stil","7":"pa_alkoholna-stopnja-2061","8":"pa_barva-piva-zlato","9":"pa_brezalkoholno-ne","10":"pa_brezglutensko-ne","11":"pa_drzava-belgija","12":"pa_embalaza-steklenica","13":"pa_fermentacija-ale-zgornje-vrenje","14":"pa_ibu-stopnja-grenkobe-srednja-grenkoba-20-40-ibu","15":"pa_pivovarna-znamka-brasserie-dachouffe","16":"pa_volumen-033-l","18":"first","19":"instock","20":"taxable","21":"shipping-taxable","22":"purchasable","23":"product-type-simple"},"acf":[],"yoast_head":"<!-- This site is optimized with the Yoast SEO plugin v26.4 - https:\/\/yoast.com\/wordpress\/plugins\/seo\/ -->\n<title>La Chouffe - Pivnica Zlati lev<\/title>\n<meta name=\"robots\" content=\"index, follow, max-snippet:-1, max-image-preview:large, max-video-preview:-1\" \/>\n<link rel=\"canonical\" href=\"https:\/\/beershop.zlatilev.si\/trgovina\/stil\/belgian-strong-ale\/la-chouffe\/\" \/>\n<meta property=\"og:locale\" content=\"en_US\" \/>\n<meta property=\"og:type\" content=\"article\" \/>\n<meta property=\"og:title\" content=\"La Chouffe - Pivnica Zlati lev\" \/>\n<meta property=\"og:description\" content=\"Belgijski blond ale z ne\u017enimi sadnimi in za\u010dimbnimi notami.\" \/>\n<meta property=\"og:url\" content=\"https:\/\/beershop.zlatilev.si\/trgovina\/stil\/belgian-strong-ale\/la-chouffe\/\" \/>\n<meta property=\"og:site_name\" content=\"Pivnica Zlati lev\" \/>\n<meta property=\"article:publisher\" content=\"https:\/\/www.facebook.com\/pivnicazlatilev\" \/>\n<meta property=\"article:modified_time\" content=\"2025-12-17T08:39:33+00:00\" \/>\n<meta property=\"og:image\" content=\"https:\/\/beershop.zlatilev.si\/wp-content\/uploads\/2025\/10\/logo-mail.jpg\" \/>\n\t<meta property=\"og:image:width\" content=\"300\" \/>\n\t<meta property=\"og:image:height\" content=\"180\" \/>\n\t<meta property=\"og:image:type\" content=\"image\/jpeg\" \/>\n<meta name=\"twitter:card\" content=\"summary_large_image\" \/>\n<meta name=\"twitter:label1\" content=\"Est. reading time\" \/>\n\t<meta name=\"twitter:data1\" content=\"1 minute\" \/>\n<script type=\"application\/ld+json\" class=\"yoast-schema-graph\">{\"@context\":\"https:\/\/schema.org\",\"@graph\":[{\"@type\":\"WebPage\",\"@id\":\"https:\/\/beershop.zlatilev.si\/trgovina\/stil\/belgian-strong-ale\/la-chouffe\/\",\"url\":\"https:\/\/beershop.zlatilev.si\/trgovina\/stil\/belgian-strong-ale\/la-chouffe\/\",\"name\":\"La Chouffe - Pivnica Zlati lev\",\"isPartOf\":{\"@id\":\"https:\/\/beershop.zlatilev.si\/#website\"},\"datePublished\":\"2025-12-08T14:40:13+00:00\",\"dateModified\":\"2025-12-17T08:39:33+00:00\",\"breadcrumb\":{\"@id\":\"https:\/\/beershop.zlatilev.si\/trgovina\/stil\/belgian-strong-ale\/la-chouffe\/#breadcrumb\"},\"inLanguage\":\"en-US\",\"potentialAction\":[{\"@type\":\"ReadAction\",\"target\":[\"https:\/\/beershop.zlatilev.si\/trgovina\/stil\/belgian-strong-ale\/la-chouffe\/\"]}]},{\"@type\":\"BreadcrumbList\",\"@id\":\"https:\/\/beershop.zlatilev.si\/trgovina\/stil\/belgian-strong-ale\/la-chouffe\/#breadcrumb\",\"itemListElement\":[{\"@type\":\"ListItem\",\"position\":1,\"name\":\"Domov\",\"item\":\"https:\/\/beershop.zlatilev.si\/en\/\"},{\"@type\":\"ListItem\",\"position\":2,\"name\":\"Shop\",\"item\":\"https:\/\/beershop.zlatilev.si\/en\/shop\/\"},{\"@type\":\"ListItem\",\"position\":3,\"name\":\"La Chouffe\"}]},{\"@type\":\"WebSite\",\"@id\":\"https:\/\/beershop.zlatilev.si\/#website\",\"url\":\"https:\/\/beershop.zlatilev.si\/\",\"name\":\"Pivnica Zlati lev\",\"description\":\"\",\"publisher\":{\"@id\":\"https:\/\/beershop.zlatilev.si\/#organization\"},\"potentialAction\":[{\"@type\":\"SearchAction\",\"target\":{\"@type\":\"EntryPoint\",\"urlTemplate\":\"https:\/\/beershop.zlatilev.si\/?s={search_term_string}\"},\"query-input\":{\"@type\":\"PropertyValueSpecification\",\"valueRequired\":true,\"valueName\":\"search_term_string\"}}],\"inLanguage\":\"en-US\"},{\"@type\":\"Organization\",\"@id\":\"https:\/\/beershop.zlatilev.si\/#organization\",\"name\":\"Pivnica Zlati lev\",\"url\":\"https:\/\/beershop.zlatilev.si\/\",\"logo\":{\"@type\":\"ImageObject\",\"inLanguage\":\"en-US\",\"@id\":\"https:\/\/beershop.zlatilev.si\/#\/schema\/logo\/image\/\",\"url\":\"https:\/\/beershop.zlatilev.si\/wp-content\/uploads\/2025\/10\/logo-mail.jpg\",\"contentUrl\":\"https:\/\/beershop.zlatilev.si\/wp-content\/uploads\/2025\/10\/logo-mail.jpg\",\"width\":300,\"height\":180,\"caption\":\"Pivnica Zlati lev\"},\"image\":{\"@id\":\"https:\/\/beershop.zlatilev.si\/#\/schema\/logo\/image\/\"},\"sameAs\":[\"https:\/\/www.facebook.com\/pivnicazlatilev\",\"https:\/\/www.instagram.com\/pivnicazlatilev\/\",\"https:\/\/www.tiktok.com\/@zlatilev\"]}]}<\/script>\n<!-- \/ Yoast SEO plugin. -->","yoast_head_json":{"title":"La Chouffe - Pivnica Zlati lev","robots":{"index":"index","follow":"follow","max-snippet":"max-snippet:-1","max-image-preview":"max-image-preview:large","max-video-preview":"max-video-preview:-1"},"canonical":"https:\/\/beershop.zlatilev.si\/trgovina\/stil\/belgian-strong-ale\/la-chouffe\/","og_locale":"en_US","og_type":"article","og_title":"La Chouffe - Pivnica Zlati lev","og_description":"Belgijski blond ale z ne\u017enimi sadnimi in za\u010dimbnimi notami.","og_url":"https:\/\/beershop.zlatilev.si\/trgovina\/stil\/belgian-strong-ale\/la-chouffe\/","og_site_name":"Pivnica Zlati lev","article_publisher":"https:\/\/www.facebook.com\/pivnicazlatilev","article_modified_time":"2025-12-17T08:39:33+00:00","og_image":[{"width":300,"height":180,"url":"https:\/\/beershop.zlatilev.si\/wp-content\/uploads\/2025\/10\/logo-mail.jpg","type":"image\/jpeg"}],"twitter_card":"summary_large_image","twitter_misc":{"Est. reading time":"1 minute"},"schema":{"@context":"https:\/\/schema.org","@graph":[{"@type":"WebPage","@id":"https:\/\/beershop.zlatilev.si\/trgovina\/stil\/belgian-strong-ale\/la-chouffe\/","url":"https:\/\/beershop.zlatilev.si\/trgovina\/stil\/belgian-strong-ale\/la-chouffe\/","name":"La Chouffe - Pivnica Zlati lev","isPartOf":{"@id":"https:\/\/beershop.zlatilev.si\/#website"},"datePublished":"2025-12-08T14:40:13+00:00","dateModified":"2025-12-17T08:39:33+00:00","breadcrumb":{"@id":"https:\/\/beershop.zlatilev.si\/trgovina\/stil\/belgian-strong-ale\/la-chouffe\/#breadcrumb"},"inLanguage":"en-US","potentialAction":[{"@type":"ReadAction","target":["https:\/\/beershop.zlatilev.si\/trgovina\/stil\/belgian-strong-ale\/la-chouffe\/"]}]},{"@type":"BreadcrumbList","@id":"https:\/\/beershop.zlatilev.si\/trgovina\/stil\/belgian-strong-ale\/la-chouffe\/#breadcrumb","itemListElement":[{"@type":"ListItem","position":1,"name":"Domov","item":"https:\/\/beershop.zlatilev.si\/en\/"},{"@type":"ListItem","position":2,"name":"Shop","item":"https:\/\/beershop.zlatilev.si\/en\/shop\/"},{"@type":"ListItem","position":3,"name":"La Chouffe"}]},{"@type":"WebSite","@id":"https:\/\/beershop.zlatilev.si\/#website","url":"https:\/\/beershop.zlatilev.si\/","name":"Pivnica Zlati lev","description":"","publisher":{"@id":"https:\/\/beershop.zlatilev.si\/#organization"},"potentialAction":[{"@type":"SearchAction","target":{"@type":"EntryPoint","urlTemplate":"https:\/\/beershop.zlatilev.si\/?s={search_term_string}"},"query-input":{"@type":"PropertyValueSpecification","valueRequired":true,"valueName":"search_term_string"}}],"inLanguage":"en-US"},{"@type":"Organization","@id":"https:\/\/beershop.zlatilev.si\/#organization","name":"Pivnica Zlati lev","url":"https:\/\/beershop.zlatilev.si\/","logo":{"@type":"ImageObject","inLanguage":"en-US","@id":"https:\/\/beershop.zlatilev.si\/#\/schema\/logo\/image\/","url":"https:\/\/beershop.zlatilev.si\/wp-content\/uploads\/2025\/10\/logo-mail.jpg","contentUrl":"https:\/\/beershop.zlatilev.si\/wp-content\/uploads\/2025\/10\/logo-mail.jpg","width":300,"height":180,"caption":"Pivnica Zlati lev"},"image":{"@id":"https:\/\/beershop.zlatilev.si\/#\/schema\/logo\/image\/"},"sameAs":["https:\/\/www.facebook.com\/pivnicazlatilev","https:\/\/www.instagram.com\/pivnicazlatilev\/","https:\/\/www.tiktok.com\/@zlatilev"]}]}},"_links":{"self":[{"href":"https:\/\/beershop.zlatilev.si\/en\/wp-json\/wp\/v2\/product\/11867","targetHints":{"allow":["GET"]}}],"collection":[{"href":"https:\/\/beershop.zlatilev.si\/en\/wp-json\/wp\/v2\/product"}],"about":[{"href":"https:\/\/beershop.zlatilev.si\/en\/wp-json\/wp\/v2\/types\/product"}],"replies":[{"embeddable":true,"href":"https:\/\/beershop.zlatilev.si\/en\/wp-json\/wp\/v2\/comments?post=11867"}],"wp:attachment":[{"href":"https:\/\/beershop.zlatilev.si\/en\/wp-json\/wp\/v2\/media?parent=11867"}],"wp:term":[{"taxonomy":"product_brand","embeddable":true,"href":"https:\/\/beershop.zlatilev.si\/en\/wp-json\/wp\/v2\/product_brand?post=11867"},{"taxonomy":"product_cat","embeddable":true,"href":"https:\/\/beershop.zlatilev.si\/en\/wp-json\/wp\/v2\/product_cat?post=11867"},{"taxonomy":"product_tag","embeddable":true,"href":"https:\/\/beershop.zlatilev.si\/en\/wp-json\/wp\/v2\/product_tag?post=11867"}],"curies":[{"name":"wp","href":"https:\/\/api.w.org\/{rel}","templated":true}]}}