{"id":11872,"date":"2025-12-08T15:40:13","date_gmt":"2025-12-08T14:40:13","guid":{"rendered":"https:\/\/beershop.zlatilev.si\/trgovina\/nekategorizirano\/henry-westons-vintage-medium-dry-cider\/"},"modified":"2026-01-05T09:36:40","modified_gmt":"2026-01-05T08:36:40","slug":"henry-westons-vintage-medium-dry-cider","status":"publish","type":"product","link":"https:\/\/beershop.zlatilev.si\/en\/trgovina\/stil\/radler-fruit-beer\/henry-westons-vintage-medium-dry-cider\/","title":{"rendered":"Henry Westons Vintage Medium Dry Cider"},"content":{"rendered":"<p>Henry Westons Vintage Medium Dry Cider je polsuh cider z izrazito jabol\u010dno noto in mo\u010dnej\u0161im telesom. Tradicionalni angle\u0161ki jabol\u010dni cider iz Herefordshire regije, z notami zrelih jabolk in uravnote\u017eeno kislino.<\/p>\n","protected":false},"excerpt":{"rendered":"<p>Angle\u0161ki medium dry jabol\u010dni cider z izrazitim sadnim karakterjem.<\/p>\n","protected":false},"featured_media":12041,"comment_status":"closed","ping_status":"closed","template":"","meta":{"_acf_changed":false},"product_brand":[],"product_cat":[1935,1957],"product_tag":[],"class_list":{"0":"post-11872","1":"product","2":"type-product","3":"status-publish","4":"has-post-thumbnail","6":"product_cat-stil","7":"product_cat-radler-fruit-beer","8":"pa_alkoholna-stopnja-2090","9":"pa_barva-piva-jantarno","10":"pa_brezalkoholno-ne","11":"pa_brezglutensko-ne","12":"pa_drzava-anglija","13":"pa_embalaza-steklenica","14":"pa_fermentacija-fermentirano-v-sodu-barrel-aged","15":"pa_ibu-stopnja-grenkobe-nizka-grenkoba-0-20-ibu","16":"pa_pivovarna-znamka-henry-westons","17":"pa_volumen-05-l-de","19":"first","20":"instock","21":"taxable","22":"shipping-taxable","23":"purchasable","24":"product-type-simple"},"acf":[],"yoast_head":"<!-- This site is optimized with the Yoast SEO plugin v26.4 - https:\/\/yoast.com\/wordpress\/plugins\/seo\/ -->\n<title>Henry Westons Vintage Medium Dry Cider - Pivnica Zlati lev<\/title>\n<meta name=\"robots\" content=\"index, follow, max-snippet:-1, max-image-preview:large, max-video-preview:-1\" \/>\n<link rel=\"canonical\" href=\"https:\/\/beershop.zlatilev.si\/trgovina\/stil\/radler-fruit-beer\/henry-westons-vintage-medium-dry-cider\/\" \/>\n<meta property=\"og:locale\" content=\"en_US\" \/>\n<meta property=\"og:type\" content=\"article\" \/>\n<meta property=\"og:title\" content=\"Henry Westons Vintage Medium Dry Cider - Pivnica Zlati lev\" \/>\n<meta property=\"og:description\" content=\"Angle\u0161ki medium dry jabol\u010dni cider z izrazitim sadnim karakterjem.\" \/>\n<meta property=\"og:url\" content=\"https:\/\/beershop.zlatilev.si\/trgovina\/stil\/radler-fruit-beer\/henry-westons-vintage-medium-dry-cider\/\" \/>\n<meta property=\"og:site_name\" content=\"Pivnica Zlati lev\" \/>\n<meta property=\"article:publisher\" content=\"https:\/\/www.facebook.com\/pivnicazlatilev\" \/>\n<meta property=\"article:modified_time\" content=\"2026-01-05T08:36:40+00:00\" \/>\n<meta property=\"og:image\" content=\"https:\/\/beershop.zlatilev.si\/wp-content\/uploads\/2025\/10\/logo-mail.jpg\" \/>\n\t<meta property=\"og:image:width\" content=\"300\" \/>\n\t<meta property=\"og:image:height\" content=\"180\" \/>\n\t<meta property=\"og:image:type\" content=\"image\/jpeg\" \/>\n<meta name=\"twitter:card\" content=\"summary_large_image\" \/>\n<meta name=\"twitter:label1\" content=\"Est. reading time\" \/>\n\t<meta name=\"twitter:data1\" content=\"1 minute\" \/>\n<script type=\"application\/ld+json\" class=\"yoast-schema-graph\">{\"@context\":\"https:\/\/schema.org\",\"@graph\":[{\"@type\":\"WebPage\",\"@id\":\"https:\/\/beershop.zlatilev.si\/trgovina\/stil\/radler-fruit-beer\/henry-westons-vintage-medium-dry-cider\/\",\"url\":\"https:\/\/beershop.zlatilev.si\/trgovina\/stil\/radler-fruit-beer\/henry-westons-vintage-medium-dry-cider\/\",\"name\":\"Henry Westons Vintage Medium Dry Cider - Pivnica Zlati lev\",\"isPartOf\":{\"@id\":\"https:\/\/beershop.zlatilev.si\/#website\"},\"primaryImageOfPage\":{\"@id\":\"https:\/\/beershop.zlatilev.si\/trgovina\/stil\/radler-fruit-beer\/henry-westons-vintage-medium-dry-cider\/#primaryimage\"},\"image\":{\"@id\":\"https:\/\/beershop.zlatilev.si\/trgovina\/stil\/radler-fruit-beer\/henry-westons-vintage-medium-dry-cider\/#primaryimage\"},\"thumbnailUrl\":\"https:\/\/beershop.zlatilev.si\/wp-content\/uploads\/2025\/12\/76d1f350-0544-48b9-9d3e-f36ee2cdf0d5_1765087174.avif\",\"datePublished\":\"2025-12-08T14:40:13+00:00\",\"dateModified\":\"2026-01-05T08:36:40+00:00\",\"breadcrumb\":{\"@id\":\"https:\/\/beershop.zlatilev.si\/trgovina\/stil\/radler-fruit-beer\/henry-westons-vintage-medium-dry-cider\/#breadcrumb\"},\"inLanguage\":\"en-US\",\"potentialAction\":[{\"@type\":\"ReadAction\",\"target\":[\"https:\/\/beershop.zlatilev.si\/trgovina\/stil\/radler-fruit-beer\/henry-westons-vintage-medium-dry-cider\/\"]}]},{\"@type\":\"ImageObject\",\"inLanguage\":\"en-US\",\"@id\":\"https:\/\/beershop.zlatilev.si\/trgovina\/stil\/radler-fruit-beer\/henry-westons-vintage-medium-dry-cider\/#primaryimage\",\"url\":\"https:\/\/beershop.zlatilev.si\/wp-content\/uploads\/2025\/12\/76d1f350-0544-48b9-9d3e-f36ee2cdf0d5_1765087174.avif\",\"contentUrl\":\"https:\/\/beershop.zlatilev.si\/wp-content\/uploads\/2025\/12\/76d1f350-0544-48b9-9d3e-f36ee2cdf0d5_1765087174.avif\",\"width\":960,\"height\":960},{\"@type\":\"BreadcrumbList\",\"@id\":\"https:\/\/beershop.zlatilev.si\/trgovina\/stil\/radler-fruit-beer\/henry-westons-vintage-medium-dry-cider\/#breadcrumb\",\"itemListElement\":[{\"@type\":\"ListItem\",\"position\":1,\"name\":\"Domov\",\"item\":\"https:\/\/beershop.zlatilev.si\/en\/\"},{\"@type\":\"ListItem\",\"position\":2,\"name\":\"Shop\",\"item\":\"https:\/\/beershop.zlatilev.si\/en\/shop\/\"},{\"@type\":\"ListItem\",\"position\":3,\"name\":\"Henry Westons Vintage Medium Dry Cider\"}]},{\"@type\":\"WebSite\",\"@id\":\"https:\/\/beershop.zlatilev.si\/#website\",\"url\":\"https:\/\/beershop.zlatilev.si\/\",\"name\":\"Pivnica Zlati lev\",\"description\":\"\",\"publisher\":{\"@id\":\"https:\/\/beershop.zlatilev.si\/#organization\"},\"potentialAction\":[{\"@type\":\"SearchAction\",\"target\":{\"@type\":\"EntryPoint\",\"urlTemplate\":\"https:\/\/beershop.zlatilev.si\/?s={search_term_string}\"},\"query-input\":{\"@type\":\"PropertyValueSpecification\",\"valueRequired\":true,\"valueName\":\"search_term_string\"}}],\"inLanguage\":\"en-US\"},{\"@type\":\"Organization\",\"@id\":\"https:\/\/beershop.zlatilev.si\/#organization\",\"name\":\"Pivnica Zlati lev\",\"url\":\"https:\/\/beershop.zlatilev.si\/\",\"logo\":{\"@type\":\"ImageObject\",\"inLanguage\":\"en-US\",\"@id\":\"https:\/\/beershop.zlatilev.si\/#\/schema\/logo\/image\/\",\"url\":\"https:\/\/beershop.zlatilev.si\/wp-content\/uploads\/2025\/10\/logo-mail.jpg\",\"contentUrl\":\"https:\/\/beershop.zlatilev.si\/wp-content\/uploads\/2025\/10\/logo-mail.jpg\",\"width\":300,\"height\":180,\"caption\":\"Pivnica Zlati lev\"},\"image\":{\"@id\":\"https:\/\/beershop.zlatilev.si\/#\/schema\/logo\/image\/\"},\"sameAs\":[\"https:\/\/www.facebook.com\/pivnicazlatilev\",\"https:\/\/www.instagram.com\/pivnicazlatilev\/\",\"https:\/\/www.tiktok.com\/@zlatilev\"]}]}<\/script>\n<!-- \/ Yoast SEO plugin. -->","yoast_head_json":{"title":"Henry Westons Vintage Medium Dry Cider - Pivnica Zlati lev","robots":{"index":"index","follow":"follow","max-snippet":"max-snippet:-1","max-image-preview":"max-image-preview:large","max-video-preview":"max-video-preview:-1"},"canonical":"https:\/\/beershop.zlatilev.si\/trgovina\/stil\/radler-fruit-beer\/henry-westons-vintage-medium-dry-cider\/","og_locale":"en_US","og_type":"article","og_title":"Henry Westons Vintage Medium Dry Cider - Pivnica Zlati lev","og_description":"Angle\u0161ki medium dry jabol\u010dni cider z izrazitim sadnim karakterjem.","og_url":"https:\/\/beershop.zlatilev.si\/trgovina\/stil\/radler-fruit-beer\/henry-westons-vintage-medium-dry-cider\/","og_site_name":"Pivnica Zlati lev","article_publisher":"https:\/\/www.facebook.com\/pivnicazlatilev","article_modified_time":"2026-01-05T08:36:40+00:00","og_image":[{"width":300,"height":180,"url":"https:\/\/beershop.zlatilev.si\/wp-content\/uploads\/2025\/10\/logo-mail.jpg","type":"image\/jpeg"}],"twitter_card":"summary_large_image","twitter_misc":{"Est. reading time":"1 minute"},"schema":{"@context":"https:\/\/schema.org","@graph":[{"@type":"WebPage","@id":"https:\/\/beershop.zlatilev.si\/trgovina\/stil\/radler-fruit-beer\/henry-westons-vintage-medium-dry-cider\/","url":"https:\/\/beershop.zlatilev.si\/trgovina\/stil\/radler-fruit-beer\/henry-westons-vintage-medium-dry-cider\/","name":"Henry Westons Vintage Medium Dry Cider - Pivnica Zlati lev","isPartOf":{"@id":"https:\/\/beershop.zlatilev.si\/#website"},"primaryImageOfPage":{"@id":"https:\/\/beershop.zlatilev.si\/trgovina\/stil\/radler-fruit-beer\/henry-westons-vintage-medium-dry-cider\/#primaryimage"},"image":{"@id":"https:\/\/beershop.zlatilev.si\/trgovina\/stil\/radler-fruit-beer\/henry-westons-vintage-medium-dry-cider\/#primaryimage"},"thumbnailUrl":"https:\/\/beershop.zlatilev.si\/wp-content\/uploads\/2025\/12\/76d1f350-0544-48b9-9d3e-f36ee2cdf0d5_1765087174.avif","datePublished":"2025-12-08T14:40:13+00:00","dateModified":"2026-01-05T08:36:40+00:00","breadcrumb":{"@id":"https:\/\/beershop.zlatilev.si\/trgovina\/stil\/radler-fruit-beer\/henry-westons-vintage-medium-dry-cider\/#breadcrumb"},"inLanguage":"en-US","potentialAction":[{"@type":"ReadAction","target":["https:\/\/beershop.zlatilev.si\/trgovina\/stil\/radler-fruit-beer\/henry-westons-vintage-medium-dry-cider\/"]}]},{"@type":"ImageObject","inLanguage":"en-US","@id":"https:\/\/beershop.zlatilev.si\/trgovina\/stil\/radler-fruit-beer\/henry-westons-vintage-medium-dry-cider\/#primaryimage","url":"https:\/\/beershop.zlatilev.si\/wp-content\/uploads\/2025\/12\/76d1f350-0544-48b9-9d3e-f36ee2cdf0d5_1765087174.avif","contentUrl":"https:\/\/beershop.zlatilev.si\/wp-content\/uploads\/2025\/12\/76d1f350-0544-48b9-9d3e-f36ee2cdf0d5_1765087174.avif","width":960,"height":960},{"@type":"BreadcrumbList","@id":"https:\/\/beershop.zlatilev.si\/trgovina\/stil\/radler-fruit-beer\/henry-westons-vintage-medium-dry-cider\/#breadcrumb","itemListElement":[{"@type":"ListItem","position":1,"name":"Domov","item":"https:\/\/beershop.zlatilev.si\/en\/"},{"@type":"ListItem","position":2,"name":"Shop","item":"https:\/\/beershop.zlatilev.si\/en\/shop\/"},{"@type":"ListItem","position":3,"name":"Henry Westons Vintage Medium Dry Cider"}]},{"@type":"WebSite","@id":"https:\/\/beershop.zlatilev.si\/#website","url":"https:\/\/beershop.zlatilev.si\/","name":"Pivnica Zlati lev","description":"","publisher":{"@id":"https:\/\/beershop.zlatilev.si\/#organization"},"potentialAction":[{"@type":"SearchAction","target":{"@type":"EntryPoint","urlTemplate":"https:\/\/beershop.zlatilev.si\/?s={search_term_string}"},"query-input":{"@type":"PropertyValueSpecification","valueRequired":true,"valueName":"search_term_string"}}],"inLanguage":"en-US"},{"@type":"Organization","@id":"https:\/\/beershop.zlatilev.si\/#organization","name":"Pivnica Zlati lev","url":"https:\/\/beershop.zlatilev.si\/","logo":{"@type":"ImageObject","inLanguage":"en-US","@id":"https:\/\/beershop.zlatilev.si\/#\/schema\/logo\/image\/","url":"https:\/\/beershop.zlatilev.si\/wp-content\/uploads\/2025\/10\/logo-mail.jpg","contentUrl":"https:\/\/beershop.zlatilev.si\/wp-content\/uploads\/2025\/10\/logo-mail.jpg","width":300,"height":180,"caption":"Pivnica Zlati lev"},"image":{"@id":"https:\/\/beershop.zlatilev.si\/#\/schema\/logo\/image\/"},"sameAs":["https:\/\/www.facebook.com\/pivnicazlatilev","https:\/\/www.instagram.com\/pivnicazlatilev\/","https:\/\/www.tiktok.com\/@zlatilev"]}]}},"_links":{"self":[{"href":"https:\/\/beershop.zlatilev.si\/en\/wp-json\/wp\/v2\/product\/11872","targetHints":{"allow":["GET"]}}],"collection":[{"href":"https:\/\/beershop.zlatilev.si\/en\/wp-json\/wp\/v2\/product"}],"about":[{"href":"https:\/\/beershop.zlatilev.si\/en\/wp-json\/wp\/v2\/types\/product"}],"replies":[{"embeddable":true,"href":"https:\/\/beershop.zlatilev.si\/en\/wp-json\/wp\/v2\/comments?post=11872"}],"wp:featuredmedia":[{"embeddable":true,"href":"https:\/\/beershop.zlatilev.si\/en\/wp-json\/wp\/v2\/media\/12041"}],"wp:attachment":[{"href":"https:\/\/beershop.zlatilev.si\/en\/wp-json\/wp\/v2\/media?parent=11872"}],"wp:term":[{"taxonomy":"product_brand","embeddable":true,"href":"https:\/\/beershop.zlatilev.si\/en\/wp-json\/wp\/v2\/product_brand?post=11872"},{"taxonomy":"product_cat","embeddable":true,"href":"https:\/\/beershop.zlatilev.si\/en\/wp-json\/wp\/v2\/product_cat?post=11872"},{"taxonomy":"product_tag","embeddable":true,"href":"https:\/\/beershop.zlatilev.si\/en\/wp-json\/wp\/v2\/product_tag?post=11872"}],"curies":[{"name":"wp","href":"https:\/\/api.w.org\/{rel}","templated":true}]}}