{"id":11890,"date":"2025-12-08T15:40:22","date_gmt":"2025-12-08T14:40:22","guid":{"rendered":"https:\/\/beershop.zlatilev.si\/trgovina\/nekategorizirano\/st-bernardus-abt-12\/"},"modified":"2025-12-23T09:17:50","modified_gmt":"2025-12-23T08:17:50","slug":"st-bernardus-abt-12","status":"publish","type":"product","link":"https:\/\/beershop.zlatilev.si\/en\/trgovina\/stil\/belgian-quadrupel\/st-bernardus-abt-12\/","title":{"rendered":"St. Bernardus Abt 12"},"content":{"rendered":"<p>St. Bernardus Abt 12 je slavljen kot eno najbolj\u0161ih belgijskih quadrupel piv, z bogatimi notami suhega sadja, karamele, medu, \u010dokolade in rahlih za\u010dimb.<\/p>\n","protected":false},"excerpt":{"rendered":"<p>Mo\u010dan temen belgijski quadrupel z zelo kompleksnim profilom.<\/p>\n","protected":false},"featured_media":11990,"comment_status":"closed","ping_status":"closed","template":"","meta":{"_acf_changed":false},"product_brand":[],"product_cat":[2089,1935],"product_tag":[],"class_list":{"0":"post-11890","1":"product","2":"type-product","3":"status-publish","4":"has-post-thumbnail","6":"product_cat-belgian-quadrupel","7":"product_cat-stil","8":"pa_alkoholna-stopnja-2100","9":"pa_barva-piva-temno","10":"pa_brezalkoholno-ne","11":"pa_brezglutensko-ne","12":"pa_drzava-belgija","13":"pa_embalaza-steklenica","14":"pa_fermentacija-ale-zgornje-vrenje","15":"pa_ibu-stopnja-grenkobe-nizka-grenkoba-0-20-ibu","16":"pa_pivovarna-znamka-brouwerij-st-bernardus","17":"pa_volumen-033-l","19":"first","20":"instock","21":"taxable","22":"shipping-taxable","23":"purchasable","24":"product-type-simple"},"acf":[],"yoast_head":"<!-- This site is optimized with the Yoast SEO plugin v26.4 - https:\/\/yoast.com\/wordpress\/plugins\/seo\/ -->\n<title>St. Bernardus Abt 12 - Pivnica Zlati lev<\/title>\n<meta name=\"robots\" content=\"index, follow, max-snippet:-1, max-image-preview:large, max-video-preview:-1\" \/>\n<link rel=\"canonical\" href=\"https:\/\/beershop.zlatilev.si\/trgovina\/stil\/belgian-quadrupel\/st-bernardus-abt-12\/\" \/>\n<meta property=\"og:locale\" content=\"en_US\" \/>\n<meta property=\"og:type\" content=\"article\" \/>\n<meta property=\"og:title\" content=\"St. Bernardus Abt 12 - Pivnica Zlati lev\" \/>\n<meta property=\"og:description\" content=\"Mo\u010dan temen belgijski quadrupel z zelo kompleksnim profilom.\" \/>\n<meta property=\"og:url\" content=\"https:\/\/beershop.zlatilev.si\/trgovina\/stil\/belgian-quadrupel\/st-bernardus-abt-12\/\" \/>\n<meta property=\"og:site_name\" content=\"Pivnica Zlati lev\" \/>\n<meta property=\"article:publisher\" content=\"https:\/\/www.facebook.com\/pivnicazlatilev\" \/>\n<meta property=\"article:modified_time\" content=\"2025-12-23T08:17:50+00:00\" \/>\n<meta property=\"og:image\" content=\"https:\/\/beershop.zlatilev.si\/wp-content\/uploads\/2025\/12\/st-bernardus_abt-12_330ml.png\" \/>\n\t<meta property=\"og:image:width\" content=\"1000\" \/>\n\t<meta property=\"og:image:height\" content=\"1000\" \/>\n\t<meta property=\"og:image:type\" content=\"image\/png\" \/>\n<meta name=\"twitter:card\" content=\"summary_large_image\" \/>\n<meta name=\"twitter:label1\" content=\"Est. reading time\" \/>\n\t<meta name=\"twitter:data1\" content=\"1 minute\" \/>\n<script type=\"application\/ld+json\" class=\"yoast-schema-graph\">{\"@context\":\"https:\/\/schema.org\",\"@graph\":[{\"@type\":\"WebPage\",\"@id\":\"https:\/\/beershop.zlatilev.si\/trgovina\/stil\/belgian-quadrupel\/st-bernardus-abt-12\/\",\"url\":\"https:\/\/beershop.zlatilev.si\/trgovina\/stil\/belgian-quadrupel\/st-bernardus-abt-12\/\",\"name\":\"St. Bernardus Abt 12 - Pivnica Zlati lev\",\"isPartOf\":{\"@id\":\"https:\/\/beershop.zlatilev.si\/#website\"},\"primaryImageOfPage\":{\"@id\":\"https:\/\/beershop.zlatilev.si\/trgovina\/stil\/belgian-quadrupel\/st-bernardus-abt-12\/#primaryimage\"},\"image\":{\"@id\":\"https:\/\/beershop.zlatilev.si\/trgovina\/stil\/belgian-quadrupel\/st-bernardus-abt-12\/#primaryimage\"},\"thumbnailUrl\":\"https:\/\/beershop.zlatilev.si\/wp-content\/uploads\/2025\/12\/st-bernardus_abt-12_330ml.png\",\"datePublished\":\"2025-12-08T14:40:22+00:00\",\"dateModified\":\"2025-12-23T08:17:50+00:00\",\"breadcrumb\":{\"@id\":\"https:\/\/beershop.zlatilev.si\/trgovina\/stil\/belgian-quadrupel\/st-bernardus-abt-12\/#breadcrumb\"},\"inLanguage\":\"en-US\",\"potentialAction\":[{\"@type\":\"ReadAction\",\"target\":[\"https:\/\/beershop.zlatilev.si\/trgovina\/stil\/belgian-quadrupel\/st-bernardus-abt-12\/\"]}]},{\"@type\":\"ImageObject\",\"inLanguage\":\"en-US\",\"@id\":\"https:\/\/beershop.zlatilev.si\/trgovina\/stil\/belgian-quadrupel\/st-bernardus-abt-12\/#primaryimage\",\"url\":\"https:\/\/beershop.zlatilev.si\/wp-content\/uploads\/2025\/12\/st-bernardus_abt-12_330ml.png\",\"contentUrl\":\"https:\/\/beershop.zlatilev.si\/wp-content\/uploads\/2025\/12\/st-bernardus_abt-12_330ml.png\",\"width\":1000,\"height\":1000},{\"@type\":\"BreadcrumbList\",\"@id\":\"https:\/\/beershop.zlatilev.si\/trgovina\/stil\/belgian-quadrupel\/st-bernardus-abt-12\/#breadcrumb\",\"itemListElement\":[{\"@type\":\"ListItem\",\"position\":1,\"name\":\"Domov\",\"item\":\"https:\/\/beershop.zlatilev.si\/en\/\"},{\"@type\":\"ListItem\",\"position\":2,\"name\":\"Shop\",\"item\":\"https:\/\/beershop.zlatilev.si\/en\/shop\/\"},{\"@type\":\"ListItem\",\"position\":3,\"name\":\"St. Bernardus Abt 12\"}]},{\"@type\":\"WebSite\",\"@id\":\"https:\/\/beershop.zlatilev.si\/#website\",\"url\":\"https:\/\/beershop.zlatilev.si\/\",\"name\":\"Pivnica Zlati lev\",\"description\":\"\",\"publisher\":{\"@id\":\"https:\/\/beershop.zlatilev.si\/#organization\"},\"potentialAction\":[{\"@type\":\"SearchAction\",\"target\":{\"@type\":\"EntryPoint\",\"urlTemplate\":\"https:\/\/beershop.zlatilev.si\/?s={search_term_string}\"},\"query-input\":{\"@type\":\"PropertyValueSpecification\",\"valueRequired\":true,\"valueName\":\"search_term_string\"}}],\"inLanguage\":\"en-US\"},{\"@type\":\"Organization\",\"@id\":\"https:\/\/beershop.zlatilev.si\/#organization\",\"name\":\"Pivnica Zlati lev\",\"url\":\"https:\/\/beershop.zlatilev.si\/\",\"logo\":{\"@type\":\"ImageObject\",\"inLanguage\":\"en-US\",\"@id\":\"https:\/\/beershop.zlatilev.si\/#\/schema\/logo\/image\/\",\"url\":\"https:\/\/beershop.zlatilev.si\/wp-content\/uploads\/2025\/10\/logo-mail.jpg\",\"contentUrl\":\"https:\/\/beershop.zlatilev.si\/wp-content\/uploads\/2025\/10\/logo-mail.jpg\",\"width\":300,\"height\":180,\"caption\":\"Pivnica Zlati lev\"},\"image\":{\"@id\":\"https:\/\/beershop.zlatilev.si\/#\/schema\/logo\/image\/\"},\"sameAs\":[\"https:\/\/www.facebook.com\/pivnicazlatilev\",\"https:\/\/www.instagram.com\/pivnicazlatilev\/\",\"https:\/\/www.tiktok.com\/@zlatilev\"]}]}<\/script>\n<!-- \/ Yoast SEO plugin. -->","yoast_head_json":{"title":"St. Bernardus Abt 12 - Pivnica Zlati lev","robots":{"index":"index","follow":"follow","max-snippet":"max-snippet:-1","max-image-preview":"max-image-preview:large","max-video-preview":"max-video-preview:-1"},"canonical":"https:\/\/beershop.zlatilev.si\/trgovina\/stil\/belgian-quadrupel\/st-bernardus-abt-12\/","og_locale":"en_US","og_type":"article","og_title":"St. Bernardus Abt 12 - Pivnica Zlati lev","og_description":"Mo\u010dan temen belgijski quadrupel z zelo kompleksnim profilom.","og_url":"https:\/\/beershop.zlatilev.si\/trgovina\/stil\/belgian-quadrupel\/st-bernardus-abt-12\/","og_site_name":"Pivnica Zlati lev","article_publisher":"https:\/\/www.facebook.com\/pivnicazlatilev","article_modified_time":"2025-12-23T08:17:50+00:00","og_image":[{"width":1000,"height":1000,"url":"https:\/\/beershop.zlatilev.si\/wp-content\/uploads\/2025\/12\/st-bernardus_abt-12_330ml.png","type":"image\/png"}],"twitter_card":"summary_large_image","twitter_misc":{"Est. reading time":"1 minute"},"schema":{"@context":"https:\/\/schema.org","@graph":[{"@type":"WebPage","@id":"https:\/\/beershop.zlatilev.si\/trgovina\/stil\/belgian-quadrupel\/st-bernardus-abt-12\/","url":"https:\/\/beershop.zlatilev.si\/trgovina\/stil\/belgian-quadrupel\/st-bernardus-abt-12\/","name":"St. Bernardus Abt 12 - Pivnica Zlati lev","isPartOf":{"@id":"https:\/\/beershop.zlatilev.si\/#website"},"primaryImageOfPage":{"@id":"https:\/\/beershop.zlatilev.si\/trgovina\/stil\/belgian-quadrupel\/st-bernardus-abt-12\/#primaryimage"},"image":{"@id":"https:\/\/beershop.zlatilev.si\/trgovina\/stil\/belgian-quadrupel\/st-bernardus-abt-12\/#primaryimage"},"thumbnailUrl":"https:\/\/beershop.zlatilev.si\/wp-content\/uploads\/2025\/12\/st-bernardus_abt-12_330ml.png","datePublished":"2025-12-08T14:40:22+00:00","dateModified":"2025-12-23T08:17:50+00:00","breadcrumb":{"@id":"https:\/\/beershop.zlatilev.si\/trgovina\/stil\/belgian-quadrupel\/st-bernardus-abt-12\/#breadcrumb"},"inLanguage":"en-US","potentialAction":[{"@type":"ReadAction","target":["https:\/\/beershop.zlatilev.si\/trgovina\/stil\/belgian-quadrupel\/st-bernardus-abt-12\/"]}]},{"@type":"ImageObject","inLanguage":"en-US","@id":"https:\/\/beershop.zlatilev.si\/trgovina\/stil\/belgian-quadrupel\/st-bernardus-abt-12\/#primaryimage","url":"https:\/\/beershop.zlatilev.si\/wp-content\/uploads\/2025\/12\/st-bernardus_abt-12_330ml.png","contentUrl":"https:\/\/beershop.zlatilev.si\/wp-content\/uploads\/2025\/12\/st-bernardus_abt-12_330ml.png","width":1000,"height":1000},{"@type":"BreadcrumbList","@id":"https:\/\/beershop.zlatilev.si\/trgovina\/stil\/belgian-quadrupel\/st-bernardus-abt-12\/#breadcrumb","itemListElement":[{"@type":"ListItem","position":1,"name":"Domov","item":"https:\/\/beershop.zlatilev.si\/en\/"},{"@type":"ListItem","position":2,"name":"Shop","item":"https:\/\/beershop.zlatilev.si\/en\/shop\/"},{"@type":"ListItem","position":3,"name":"St. Bernardus Abt 12"}]},{"@type":"WebSite","@id":"https:\/\/beershop.zlatilev.si\/#website","url":"https:\/\/beershop.zlatilev.si\/","name":"Pivnica Zlati lev","description":"","publisher":{"@id":"https:\/\/beershop.zlatilev.si\/#organization"},"potentialAction":[{"@type":"SearchAction","target":{"@type":"EntryPoint","urlTemplate":"https:\/\/beershop.zlatilev.si\/?s={search_term_string}"},"query-input":{"@type":"PropertyValueSpecification","valueRequired":true,"valueName":"search_term_string"}}],"inLanguage":"en-US"},{"@type":"Organization","@id":"https:\/\/beershop.zlatilev.si\/#organization","name":"Pivnica Zlati lev","url":"https:\/\/beershop.zlatilev.si\/","logo":{"@type":"ImageObject","inLanguage":"en-US","@id":"https:\/\/beershop.zlatilev.si\/#\/schema\/logo\/image\/","url":"https:\/\/beershop.zlatilev.si\/wp-content\/uploads\/2025\/10\/logo-mail.jpg","contentUrl":"https:\/\/beershop.zlatilev.si\/wp-content\/uploads\/2025\/10\/logo-mail.jpg","width":300,"height":180,"caption":"Pivnica Zlati lev"},"image":{"@id":"https:\/\/beershop.zlatilev.si\/#\/schema\/logo\/image\/"},"sameAs":["https:\/\/www.facebook.com\/pivnicazlatilev","https:\/\/www.instagram.com\/pivnicazlatilev\/","https:\/\/www.tiktok.com\/@zlatilev"]}]}},"_links":{"self":[{"href":"https:\/\/beershop.zlatilev.si\/en\/wp-json\/wp\/v2\/product\/11890","targetHints":{"allow":["GET"]}}],"collection":[{"href":"https:\/\/beershop.zlatilev.si\/en\/wp-json\/wp\/v2\/product"}],"about":[{"href":"https:\/\/beershop.zlatilev.si\/en\/wp-json\/wp\/v2\/types\/product"}],"replies":[{"embeddable":true,"href":"https:\/\/beershop.zlatilev.si\/en\/wp-json\/wp\/v2\/comments?post=11890"}],"wp:featuredmedia":[{"embeddable":true,"href":"https:\/\/beershop.zlatilev.si\/en\/wp-json\/wp\/v2\/media\/11990"}],"wp:attachment":[{"href":"https:\/\/beershop.zlatilev.si\/en\/wp-json\/wp\/v2\/media?parent=11890"}],"wp:term":[{"taxonomy":"product_brand","embeddable":true,"href":"https:\/\/beershop.zlatilev.si\/en\/wp-json\/wp\/v2\/product_brand?post=11890"},{"taxonomy":"product_cat","embeddable":true,"href":"https:\/\/beershop.zlatilev.si\/en\/wp-json\/wp\/v2\/product_cat?post=11890"},{"taxonomy":"product_tag","embeddable":true,"href":"https:\/\/beershop.zlatilev.si\/en\/wp-json\/wp\/v2\/product_tag?post=11890"}],"curies":[{"name":"wp","href":"https:\/\/api.w.org\/{rel}","templated":true}]}}