{"id":11907,"date":"2025-12-08T15:40:31","date_gmt":"2025-12-08T14:40:31","guid":{"rendered":"https:\/\/beershop.zlatilev.si\/trgovina\/nekategorizirano\/ayinger-kellerbier\/"},"modified":"2025-12-17T10:28:45","modified_gmt":"2025-12-17T09:28:45","slug":"ayinger-kellerbier","status":"publish","type":"product","link":"https:\/\/beershop.zlatilev.si\/en\/trgovina\/stil\/lager\/ayinger-kellerbier\/","title":{"rendered":"Ayinger Kellerbier"},"content":{"rendered":"<p>Ayinger Kellerbier je nefiltriran lager z rahlo zamegljeno barvo, mehko sladno osnovo in ne\u017enimi zeli\u0161\u010dnimi hmeljnimi notami.<\/p>\n","protected":false},"excerpt":{"rendered":"<p>Ne\ufb01ltriran lager v keller stilui z mehko sladno in zeli\u0161\u010dno noto.<\/p>\n","protected":false},"featured_media":11949,"comment_status":"closed","ping_status":"closed","template":"","meta":{"_acf_changed":false},"product_brand":[],"product_cat":[1935,1936],"product_tag":[],"class_list":{"0":"post-11907","1":"product","2":"type-product","3":"status-publish","4":"has-post-thumbnail","6":"product_cat-stil","7":"product_cat-lager","8":"pa_alkoholna-stopnja-2035","9":"pa_barva-piva-svetlo","10":"pa_brezalkoholno-ne","11":"pa_brezglutensko-ne","12":"pa_drzava-nemcija","13":"pa_embalaza-steklenica","14":"pa_fermentacija-lager-spodnje-vrenje","15":"pa_ibu-stopnja-grenkobe-nizka-grenkoba-0-20-ibu","16":"pa_pivovarna-znamka-ayinger-privatbrauerei","17":"pa_volumen-05-l-de","19":"first","20":"instock","21":"taxable","22":"shipping-taxable","23":"purchasable","24":"product-type-simple"},"acf":[],"yoast_head":"<!-- This site is optimized with the Yoast SEO plugin v26.4 - https:\/\/yoast.com\/wordpress\/plugins\/seo\/ -->\n<title>Ayinger Kellerbier - Pivnica Zlati lev<\/title>\n<meta name=\"robots\" content=\"index, follow, max-snippet:-1, max-image-preview:large, max-video-preview:-1\" \/>\n<link rel=\"canonical\" href=\"https:\/\/beershop.zlatilev.si\/trgovina\/stil\/lager\/ayinger-kellerbier\/\" \/>\n<meta property=\"og:locale\" content=\"en_US\" \/>\n<meta property=\"og:type\" content=\"article\" \/>\n<meta property=\"og:title\" content=\"Ayinger Kellerbier - Pivnica Zlati lev\" \/>\n<meta property=\"og:description\" content=\"Ne\ufb01ltriran lager v keller stilui z mehko sladno in zeli\u0161\u010dno noto.\" \/>\n<meta property=\"og:url\" content=\"https:\/\/beershop.zlatilev.si\/trgovina\/stil\/lager\/ayinger-kellerbier\/\" \/>\n<meta property=\"og:site_name\" content=\"Pivnica Zlati lev\" \/>\n<meta property=\"article:publisher\" content=\"https:\/\/www.facebook.com\/pivnicazlatilev\" \/>\n<meta property=\"article:modified_time\" content=\"2025-12-17T09:28:45+00:00\" \/>\n<meta property=\"og:image\" content=\"https:\/\/beershop.zlatilev.si\/wp-content\/uploads\/2025\/12\/3-3-scaled.png\" \/>\n\t<meta property=\"og:image:width\" content=\"2560\" \/>\n\t<meta property=\"og:image:height\" content=\"2560\" \/>\n\t<meta property=\"og:image:type\" content=\"image\/png\" \/>\n<meta name=\"twitter:card\" content=\"summary_large_image\" \/>\n<meta name=\"twitter:label1\" content=\"Est. reading time\" \/>\n\t<meta name=\"twitter:data1\" content=\"1 minute\" \/>\n<script type=\"application\/ld+json\" class=\"yoast-schema-graph\">{\"@context\":\"https:\/\/schema.org\",\"@graph\":[{\"@type\":\"WebPage\",\"@id\":\"https:\/\/beershop.zlatilev.si\/trgovina\/stil\/lager\/ayinger-kellerbier\/\",\"url\":\"https:\/\/beershop.zlatilev.si\/trgovina\/stil\/lager\/ayinger-kellerbier\/\",\"name\":\"Ayinger Kellerbier - Pivnica Zlati lev\",\"isPartOf\":{\"@id\":\"https:\/\/beershop.zlatilev.si\/#website\"},\"primaryImageOfPage\":{\"@id\":\"https:\/\/beershop.zlatilev.si\/trgovina\/stil\/lager\/ayinger-kellerbier\/#primaryimage\"},\"image\":{\"@id\":\"https:\/\/beershop.zlatilev.si\/trgovina\/stil\/lager\/ayinger-kellerbier\/#primaryimage\"},\"thumbnailUrl\":\"https:\/\/beershop.zlatilev.si\/wp-content\/uploads\/2025\/12\/3-3-scaled.png\",\"datePublished\":\"2025-12-08T14:40:31+00:00\",\"dateModified\":\"2025-12-17T09:28:45+00:00\",\"breadcrumb\":{\"@id\":\"https:\/\/beershop.zlatilev.si\/trgovina\/stil\/lager\/ayinger-kellerbier\/#breadcrumb\"},\"inLanguage\":\"en-US\",\"potentialAction\":[{\"@type\":\"ReadAction\",\"target\":[\"https:\/\/beershop.zlatilev.si\/trgovina\/stil\/lager\/ayinger-kellerbier\/\"]}]},{\"@type\":\"ImageObject\",\"inLanguage\":\"en-US\",\"@id\":\"https:\/\/beershop.zlatilev.si\/trgovina\/stil\/lager\/ayinger-kellerbier\/#primaryimage\",\"url\":\"https:\/\/beershop.zlatilev.si\/wp-content\/uploads\/2025\/12\/3-3-scaled.png\",\"contentUrl\":\"https:\/\/beershop.zlatilev.si\/wp-content\/uploads\/2025\/12\/3-3-scaled.png\",\"width\":2560,\"height\":2560},{\"@type\":\"BreadcrumbList\",\"@id\":\"https:\/\/beershop.zlatilev.si\/trgovina\/stil\/lager\/ayinger-kellerbier\/#breadcrumb\",\"itemListElement\":[{\"@type\":\"ListItem\",\"position\":1,\"name\":\"Domov\",\"item\":\"https:\/\/beershop.zlatilev.si\/en\/\"},{\"@type\":\"ListItem\",\"position\":2,\"name\":\"Shop\",\"item\":\"https:\/\/beershop.zlatilev.si\/en\/shop\/\"},{\"@type\":\"ListItem\",\"position\":3,\"name\":\"Ayinger Kellerbier\"}]},{\"@type\":\"WebSite\",\"@id\":\"https:\/\/beershop.zlatilev.si\/#website\",\"url\":\"https:\/\/beershop.zlatilev.si\/\",\"name\":\"Pivnica Zlati lev\",\"description\":\"\",\"publisher\":{\"@id\":\"https:\/\/beershop.zlatilev.si\/#organization\"},\"potentialAction\":[{\"@type\":\"SearchAction\",\"target\":{\"@type\":\"EntryPoint\",\"urlTemplate\":\"https:\/\/beershop.zlatilev.si\/?s={search_term_string}\"},\"query-input\":{\"@type\":\"PropertyValueSpecification\",\"valueRequired\":true,\"valueName\":\"search_term_string\"}}],\"inLanguage\":\"en-US\"},{\"@type\":\"Organization\",\"@id\":\"https:\/\/beershop.zlatilev.si\/#organization\",\"name\":\"Pivnica Zlati lev\",\"url\":\"https:\/\/beershop.zlatilev.si\/\",\"logo\":{\"@type\":\"ImageObject\",\"inLanguage\":\"en-US\",\"@id\":\"https:\/\/beershop.zlatilev.si\/#\/schema\/logo\/image\/\",\"url\":\"https:\/\/beershop.zlatilev.si\/wp-content\/uploads\/2025\/10\/logo-mail.jpg\",\"contentUrl\":\"https:\/\/beershop.zlatilev.si\/wp-content\/uploads\/2025\/10\/logo-mail.jpg\",\"width\":300,\"height\":180,\"caption\":\"Pivnica Zlati lev\"},\"image\":{\"@id\":\"https:\/\/beershop.zlatilev.si\/#\/schema\/logo\/image\/\"},\"sameAs\":[\"https:\/\/www.facebook.com\/pivnicazlatilev\",\"https:\/\/www.instagram.com\/pivnicazlatilev\/\",\"https:\/\/www.tiktok.com\/@zlatilev\"]}]}<\/script>\n<!-- \/ Yoast SEO plugin. -->","yoast_head_json":{"title":"Ayinger Kellerbier - Pivnica Zlati lev","robots":{"index":"index","follow":"follow","max-snippet":"max-snippet:-1","max-image-preview":"max-image-preview:large","max-video-preview":"max-video-preview:-1"},"canonical":"https:\/\/beershop.zlatilev.si\/trgovina\/stil\/lager\/ayinger-kellerbier\/","og_locale":"en_US","og_type":"article","og_title":"Ayinger Kellerbier - Pivnica Zlati lev","og_description":"Ne\ufb01ltriran lager v keller stilui z mehko sladno in zeli\u0161\u010dno noto.","og_url":"https:\/\/beershop.zlatilev.si\/trgovina\/stil\/lager\/ayinger-kellerbier\/","og_site_name":"Pivnica Zlati lev","article_publisher":"https:\/\/www.facebook.com\/pivnicazlatilev","article_modified_time":"2025-12-17T09:28:45+00:00","og_image":[{"width":2560,"height":2560,"url":"https:\/\/beershop.zlatilev.si\/wp-content\/uploads\/2025\/12\/3-3-scaled.png","type":"image\/png"}],"twitter_card":"summary_large_image","twitter_misc":{"Est. reading time":"1 minute"},"schema":{"@context":"https:\/\/schema.org","@graph":[{"@type":"WebPage","@id":"https:\/\/beershop.zlatilev.si\/trgovina\/stil\/lager\/ayinger-kellerbier\/","url":"https:\/\/beershop.zlatilev.si\/trgovina\/stil\/lager\/ayinger-kellerbier\/","name":"Ayinger Kellerbier - Pivnica Zlati lev","isPartOf":{"@id":"https:\/\/beershop.zlatilev.si\/#website"},"primaryImageOfPage":{"@id":"https:\/\/beershop.zlatilev.si\/trgovina\/stil\/lager\/ayinger-kellerbier\/#primaryimage"},"image":{"@id":"https:\/\/beershop.zlatilev.si\/trgovina\/stil\/lager\/ayinger-kellerbier\/#primaryimage"},"thumbnailUrl":"https:\/\/beershop.zlatilev.si\/wp-content\/uploads\/2025\/12\/3-3-scaled.png","datePublished":"2025-12-08T14:40:31+00:00","dateModified":"2025-12-17T09:28:45+00:00","breadcrumb":{"@id":"https:\/\/beershop.zlatilev.si\/trgovina\/stil\/lager\/ayinger-kellerbier\/#breadcrumb"},"inLanguage":"en-US","potentialAction":[{"@type":"ReadAction","target":["https:\/\/beershop.zlatilev.si\/trgovina\/stil\/lager\/ayinger-kellerbier\/"]}]},{"@type":"ImageObject","inLanguage":"en-US","@id":"https:\/\/beershop.zlatilev.si\/trgovina\/stil\/lager\/ayinger-kellerbier\/#primaryimage","url":"https:\/\/beershop.zlatilev.si\/wp-content\/uploads\/2025\/12\/3-3-scaled.png","contentUrl":"https:\/\/beershop.zlatilev.si\/wp-content\/uploads\/2025\/12\/3-3-scaled.png","width":2560,"height":2560},{"@type":"BreadcrumbList","@id":"https:\/\/beershop.zlatilev.si\/trgovina\/stil\/lager\/ayinger-kellerbier\/#breadcrumb","itemListElement":[{"@type":"ListItem","position":1,"name":"Domov","item":"https:\/\/beershop.zlatilev.si\/en\/"},{"@type":"ListItem","position":2,"name":"Shop","item":"https:\/\/beershop.zlatilev.si\/en\/shop\/"},{"@type":"ListItem","position":3,"name":"Ayinger Kellerbier"}]},{"@type":"WebSite","@id":"https:\/\/beershop.zlatilev.si\/#website","url":"https:\/\/beershop.zlatilev.si\/","name":"Pivnica Zlati lev","description":"","publisher":{"@id":"https:\/\/beershop.zlatilev.si\/#organization"},"potentialAction":[{"@type":"SearchAction","target":{"@type":"EntryPoint","urlTemplate":"https:\/\/beershop.zlatilev.si\/?s={search_term_string}"},"query-input":{"@type":"PropertyValueSpecification","valueRequired":true,"valueName":"search_term_string"}}],"inLanguage":"en-US"},{"@type":"Organization","@id":"https:\/\/beershop.zlatilev.si\/#organization","name":"Pivnica Zlati lev","url":"https:\/\/beershop.zlatilev.si\/","logo":{"@type":"ImageObject","inLanguage":"en-US","@id":"https:\/\/beershop.zlatilev.si\/#\/schema\/logo\/image\/","url":"https:\/\/beershop.zlatilev.si\/wp-content\/uploads\/2025\/10\/logo-mail.jpg","contentUrl":"https:\/\/beershop.zlatilev.si\/wp-content\/uploads\/2025\/10\/logo-mail.jpg","width":300,"height":180,"caption":"Pivnica Zlati lev"},"image":{"@id":"https:\/\/beershop.zlatilev.si\/#\/schema\/logo\/image\/"},"sameAs":["https:\/\/www.facebook.com\/pivnicazlatilev","https:\/\/www.instagram.com\/pivnicazlatilev\/","https:\/\/www.tiktok.com\/@zlatilev"]}]}},"_links":{"self":[{"href":"https:\/\/beershop.zlatilev.si\/en\/wp-json\/wp\/v2\/product\/11907","targetHints":{"allow":["GET"]}}],"collection":[{"href":"https:\/\/beershop.zlatilev.si\/en\/wp-json\/wp\/v2\/product"}],"about":[{"href":"https:\/\/beershop.zlatilev.si\/en\/wp-json\/wp\/v2\/types\/product"}],"replies":[{"embeddable":true,"href":"https:\/\/beershop.zlatilev.si\/en\/wp-json\/wp\/v2\/comments?post=11907"}],"wp:featuredmedia":[{"embeddable":true,"href":"https:\/\/beershop.zlatilev.si\/en\/wp-json\/wp\/v2\/media\/11949"}],"wp:attachment":[{"href":"https:\/\/beershop.zlatilev.si\/en\/wp-json\/wp\/v2\/media?parent=11907"}],"wp:term":[{"taxonomy":"product_brand","embeddable":true,"href":"https:\/\/beershop.zlatilev.si\/en\/wp-json\/wp\/v2\/product_brand?post=11907"},{"taxonomy":"product_cat","embeddable":true,"href":"https:\/\/beershop.zlatilev.si\/en\/wp-json\/wp\/v2\/product_cat?post=11907"},{"taxonomy":"product_tag","embeddable":true,"href":"https:\/\/beershop.zlatilev.si\/en\/wp-json\/wp\/v2\/product_tag?post=11907"}],"curies":[{"name":"wp","href":"https:\/\/api.w.org\/{rel}","templated":true}]}}